{"id":772,"date":"2026-02-13T18:26:28","date_gmt":"2026-02-13T15:26:28","guid":{"rendered":"https:\/\/gunesoglu.com.tr\/competition-participation-conditions\/"},"modified":"2026-02-13T18:26:28","modified_gmt":"2026-02-13T15:26:28","slug":"competition-participation-conditions","status":"publish","type":"page","link":"https:\/\/gunesoglu.com.tr\/en\/competition-participation-conditions\/","title":{"rendered":"Competition Participation Conditions"},"content":{"rendered":"<h1><b>CONTEST TERMS AND CONDITIONS \u2013 G\u00dcNE\u015eO\u011eLU RAMADAN SWEEPSTAKES<\/b><\/h1>\n<p><span style=\"font-weight: 400;\">The contest will begin on <\/span><b>15.02.2026<\/b><span style=\"font-weight: 400;\"> and end on <\/span><b>23.02.2026<\/b><span style=\"font-weight: 400;\"> at <\/span><b>23:59<\/b><span style=\"font-weight: 400;\">.<\/span><\/p>\n<p><span style=\"font-weight: 400;\">As a result of the contest, <\/span><b>5 (five)<\/b><span style=\"font-weight: 400;\"> winners will be determined via Instagram and announced on the <\/span><b>24.02.2026<\/b><span style=\"font-weight: 400;\"> in the stories section of the @gunesoglu_sut Instagram account. Winners will also be contacted via Instagram <\/span><b>direct message (DM)<\/b><span style=\"font-weight: 400;\">.<\/span><\/p>\n<p><span style=\"font-weight: 400;\">Participation in the contest is free of charge. No purchase is necessary to participate in the campaign.<\/span><\/p>\n<h2><b>Conditions of Participation<\/b><\/h2>\n<p><span style=\"font-weight: 400;\">For participation in the contest to be considered valid, participants must:<\/span><\/p>\n<ul>\n<li style=\"font-weight: 400;\" aria-level=\"1\"><span style=\"font-weight: 400;\">Like the sweepstakes post,<\/span><\/li>\n<li style=\"font-weight: 400;\" aria-level=\"1\"><span style=\"font-weight: 400;\">Follow the @gunesoglu_sut Instagram account,<\/span><\/li>\n<li style=\"font-weight: 400;\" aria-level=\"1\"><span style=\"font-weight: 400;\">Write in the comments which dish they prefer most with G\u00fcne\u015fo\u011flu yogurt,<\/span><\/li>\n<li style=\"font-weight: 400;\" aria-level=\"1\"><span style=\"font-weight: 400;\">Tag at least 2 (two) friends in the comments.<\/span><\/li>\n<\/ul>\n<p><span style=\"font-weight: 400;\">If any of the specified conditions are missing, the participation will be considered invalid.<\/span><\/p>\n<h2><b>Prize<\/b><b><br \/>\n<\/b><span style=\"font-weight: 400;\"><br \/>\n<\/span><span style=\"font-weight: 400;\">Among those who participate in accordance with the conditions, 5 (five) winners determined by the draw will be entitled to win a \u201c<\/span><b>G\u00fcne\u015fo\u011flu Product Package.\u201d<\/b><\/h2>\n<p>&nbsp;<\/p>\n<h2><b>\u26a0\ufe0f IMPORTANT INFORMATION REGARDING DELIVERY AREA<\/b><\/h2>\n<p><span style=\"font-weight: 400;\">Prizes will <\/span><b>only<\/b><span style=\"font-weight: 400;\"> be sent to addresses within the boundaries of the following provinces and their districts:<\/span><\/p>\n<p><b>Sakarya and its districts<\/b><b><br \/>\n<\/b><b>Kocaeli and its districts<\/b><b><br \/>\n<\/b><b>D\u00fczce and its districts<\/b><b><br \/>\n<\/b><b>Bolu and its districts<\/b><\/p>\n<p><span style=\"font-weight: 400;\">Deliveries cannot be made to addresses located outside of these provinces.<\/span><\/p>\n<p>&nbsp;<\/p>\n<h6>Sustainability<\/h6>\n<h2><b>Important Information<\/b><\/h2>\n<ul>\n<li style=\"font-weight: 400;\" aria-level=\"1\"><span style=\"font-weight: 400;\">Main winners must provide their full name, address, and telephone information by 18:00 on 27.02.2026. If no feedback is provided within this period, the right to the prize will be transferred to the substitute winner.<\/span><\/li>\n<li style=\"font-weight: 400;\" aria-level=\"1\"><span style=\"font-weight: 400;\">Participants may only enter on their own behalf. Entries made on behalf of someone else are invalid.<\/span><\/li>\n<li style=\"font-weight: 400;\" aria-level=\"1\"><span style=\"font-weight: 400;\">The winning account must be registered in the name of a real person. Otherwise, the prize will be canceled.<\/span><\/li>\n<li style=\"font-weight: 400;\" aria-level=\"1\"><span style=\"font-weight: 400;\">The prize is non-transferable and cannot be converted into cash.<\/span><\/li>\n<li style=\"font-weight: 400;\" aria-level=\"1\"><span style=\"font-weight: 400;\">A person can only win a prize once.<\/span><\/li>\n<li style=\"font-weight: 400;\" aria-level=\"1\"><span style=\"font-weight: 400;\">G\u00fcne\u015fo\u011flu reserves the right to exclude participants who are found to have cheated during the campaign.<\/span><\/li>\n<li style=\"font-weight: 400;\" aria-level=\"1\"><span style=\"font-weight: 400;\">G\u00fcne\u015fo\u011flu reserves the right to stop or cancel the campaign when deemed necessary.<\/span><\/li>\n<li style=\"font-weight: 400;\" aria-level=\"1\"><span style=\"font-weight: 400;\">This campaign is not supported, sponsored, or managed by Instagram.<\/span><\/li>\n<li style=\"font-weight: 400;\" aria-level=\"1\"><span style=\"font-weight: 400;\">Everyone participating in the contest is deemed to have accepted the above-mentioned conditions.<\/span><\/li>\n<\/ul>\n<p>&nbsp;<\/p>\n","protected":false},"excerpt":{"rendered":"<p>CONTEST TERMS AND CONDITIONS \u2013 G\u00dcNE\u015eO\u011eLU RAMADAN SWEEPSTAKES The contest will begin on 15.02.2026 and end on 23.02.2026 at 23:59. As a result of the contest, 5 (five) winners will be determined via Instagram and announced on the 24.02.2026 in the stories section of the @gunesoglu_sut Instagram account. Winners will also be contacted via Instagram [&hellip;]<\/p>\n","protected":false},"author":1,"featured_media":0,"parent":0,"menu_order":2,"comment_status":"closed","ping_status":"closed","template":"","meta":{"_acf_changed":false,"footnotes":""},"class_list":["post-772","page","type-page","status-publish","hentry"],"acf":[],"yoast_head":"<!-- This site is optimized with the Yoast SEO plugin v27.4 - https:\/\/yoast.com\/product\/yoast-seo-wordpress\/ -->\n<title>Competition Participation Conditions - G\u00fcne\u015fo\u011flu<\/title>\n<meta name=\"robots\" content=\"index, follow, max-snippet:-1, max-image-preview:large, max-video-preview:-1\" \/>\n<link rel=\"canonical\" href=\"https:\/\/gunesoglu.com.tr\/competition-participation-conditions\/\" \/>\n<meta property=\"og:locale\" content=\"en_US\" \/>\n<meta property=\"og:type\" content=\"article\" \/>\n<meta property=\"og:title\" content=\"Competition Participation Conditions - G\u00fcne\u015fo\u011flu\" \/>\n<meta property=\"og:description\" content=\"CONTEST TERMS AND CONDITIONS \u2013 G\u00dcNE\u015eO\u011eLU RAMADAN SWEEPSTAKES The contest will begin on 15.02.2026 and end on 23.02.2026 at 23:59. As a result of the contest, 5 (five) winners will be determined via Instagram and announced on the 24.02.2026 in the stories section of the @gunesoglu_sut Instagram account. Winners will also be contacted via Instagram [&hellip;]\" \/>\n<meta property=\"og:url\" content=\"https:\/\/gunesoglu.com.tr\/competition-participation-conditions\/\" \/>\n<meta property=\"og:site_name\" content=\"G\u00fcne\u015fo\u011flu\" \/>\n<meta name=\"twitter:card\" content=\"summary_large_image\" \/>\n<meta name=\"twitter:label1\" content=\"Est. reading time\" \/>\n\t<meta name=\"twitter:data1\" content=\"2 minutes\" \/>\n<script type=\"application\/ld+json\" class=\"yoast-schema-graph\">{\"@context\":\"https:\\\/\\\/schema.org\",\"@graph\":[{\"@type\":\"WebPage\",\"@id\":\"https:\\\/\\\/gunesoglu.com.tr\\\/competition-participation-conditions\\\/\",\"url\":\"https:\\\/\\\/gunesoglu.com.tr\\\/competition-participation-conditions\\\/\",\"name\":\"Competition Participation Conditions - G\u00fcne\u015fo\u011flu\",\"isPartOf\":{\"@id\":\"https:\\\/\\\/gunesoglu.com.tr\\\/#website\"},\"datePublished\":\"2026-02-13T15:26:28+00:00\",\"breadcrumb\":{\"@id\":\"https:\\\/\\\/gunesoglu.com.tr\\\/competition-participation-conditions\\\/#breadcrumb\"},\"inLanguage\":\"en-US\",\"potentialAction\":[{\"@type\":\"ReadAction\",\"target\":[\"https:\\\/\\\/gunesoglu.com.tr\\\/competition-participation-conditions\\\/\"]}]},{\"@type\":\"BreadcrumbList\",\"@id\":\"https:\\\/\\\/gunesoglu.com.tr\\\/competition-participation-conditions\\\/#breadcrumb\",\"itemListElement\":[{\"@type\":\"ListItem\",\"position\":1,\"name\":\"Anasayfa\",\"item\":\"https:\\\/\\\/gunesoglu.com.tr\\\/en\\\/home\\\/\"},{\"@type\":\"ListItem\",\"position\":2,\"name\":\"Competition Participation Conditions\"}]},{\"@type\":\"WebSite\",\"@id\":\"https:\\\/\\\/gunesoglu.com.tr\\\/#website\",\"url\":\"https:\\\/\\\/gunesoglu.com.tr\\\/\",\"name\":\"G\u00fcne\u015fo\u011flu\",\"description\":\"D\u00fcnya her ge\u00e7en g\u00fcn geleneklerinden ad\u0131m ad\u0131m uzakla\u015fsa da biz hala geleneksel k\u00fclt\u00fcr\u00fcn ve samimiyetin g\u00fcc\u00fcne inan\u0131yoruz . \u00c7iftlikten \u00e7atala geleneksel ve leziz s\u00fct \u00fcr\u00fcnleri \u00fcretebilmek i\u00e7in s\u00f6z\u00fcne sad\u0131k olman\u0131n gere\u011fi olarak, s\u00fcte hak etti\u011fi de\u011feri vererek \u00e7al\u0131\u015f\u0131yoruz.\",\"publisher\":{\"@id\":\"https:\\\/\\\/gunesoglu.com.tr\\\/#organization\"},\"alternateName\":\"G\u00fcne\u015fo\u011flu\",\"potentialAction\":[{\"@type\":\"SearchAction\",\"target\":{\"@type\":\"EntryPoint\",\"urlTemplate\":\"https:\\\/\\\/gunesoglu.com.tr\\\/?s={search_term_string}\"},\"query-input\":{\"@type\":\"PropertyValueSpecification\",\"valueRequired\":true,\"valueName\":\"search_term_string\"}}],\"inLanguage\":\"en-US\"},{\"@type\":\"Organization\",\"@id\":\"https:\\\/\\\/gunesoglu.com.tr\\\/#organization\",\"name\":\"G\u00fcne\u015fo\u011flu\",\"url\":\"https:\\\/\\\/gunesoglu.com.tr\\\/\",\"logo\":{\"@type\":\"ImageObject\",\"inLanguage\":\"en-US\",\"@id\":\"https:\\\/\\\/gunesoglu.com.tr\\\/#\\\/schema\\\/logo\\\/image\\\/\",\"url\":\"https:\\\/\\\/gunesoglu.com.tr\\\/wp-content\\\/uploads\\\/2020\\\/09\\\/logo.svg\",\"contentUrl\":\"https:\\\/\\\/gunesoglu.com.tr\\\/wp-content\\\/uploads\\\/2020\\\/09\\\/logo.svg\",\"width\":110,\"height\":61,\"caption\":\"G\u00fcne\u015fo\u011flu\"},\"image\":{\"@id\":\"https:\\\/\\\/gunesoglu.com.tr\\\/#\\\/schema\\\/logo\\\/image\\\/\"}}]}<\/script>\n<!-- \/ Yoast SEO plugin. -->","yoast_head_json":{"title":"Competition Participation Conditions - G\u00fcne\u015fo\u011flu","robots":{"index":"index","follow":"follow","max-snippet":"max-snippet:-1","max-image-preview":"max-image-preview:large","max-video-preview":"max-video-preview:-1"},"canonical":"https:\/\/gunesoglu.com.tr\/competition-participation-conditions\/","og_locale":"en_US","og_type":"article","og_title":"Competition Participation Conditions - G\u00fcne\u015fo\u011flu","og_description":"CONTEST TERMS AND CONDITIONS \u2013 G\u00dcNE\u015eO\u011eLU RAMADAN SWEEPSTAKES The contest will begin on 15.02.2026 and end on 23.02.2026 at 23:59. As a result of the contest, 5 (five) winners will be determined via Instagram and announced on the 24.02.2026 in the stories section of the @gunesoglu_sut Instagram account. Winners will also be contacted via Instagram [&hellip;]","og_url":"https:\/\/gunesoglu.com.tr\/competition-participation-conditions\/","og_site_name":"G\u00fcne\u015fo\u011flu","twitter_card":"summary_large_image","twitter_misc":{"Est. reading time":"2 minutes"},"schema":{"@context":"https:\/\/schema.org","@graph":[{"@type":"WebPage","@id":"https:\/\/gunesoglu.com.tr\/competition-participation-conditions\/","url":"https:\/\/gunesoglu.com.tr\/competition-participation-conditions\/","name":"Competition Participation Conditions - G\u00fcne\u015fo\u011flu","isPartOf":{"@id":"https:\/\/gunesoglu.com.tr\/#website"},"datePublished":"2026-02-13T15:26:28+00:00","breadcrumb":{"@id":"https:\/\/gunesoglu.com.tr\/competition-participation-conditions\/#breadcrumb"},"inLanguage":"en-US","potentialAction":[{"@type":"ReadAction","target":["https:\/\/gunesoglu.com.tr\/competition-participation-conditions\/"]}]},{"@type":"BreadcrumbList","@id":"https:\/\/gunesoglu.com.tr\/competition-participation-conditions\/#breadcrumb","itemListElement":[{"@type":"ListItem","position":1,"name":"Anasayfa","item":"https:\/\/gunesoglu.com.tr\/en\/home\/"},{"@type":"ListItem","position":2,"name":"Competition Participation Conditions"}]},{"@type":"WebSite","@id":"https:\/\/gunesoglu.com.tr\/#website","url":"https:\/\/gunesoglu.com.tr\/","name":"G\u00fcne\u015fo\u011flu","description":"D\u00fcnya her ge\u00e7en g\u00fcn geleneklerinden ad\u0131m ad\u0131m uzakla\u015fsa da biz hala geleneksel k\u00fclt\u00fcr\u00fcn ve samimiyetin g\u00fcc\u00fcne inan\u0131yoruz . \u00c7iftlikten \u00e7atala geleneksel ve leziz s\u00fct \u00fcr\u00fcnleri \u00fcretebilmek i\u00e7in s\u00f6z\u00fcne sad\u0131k olman\u0131n gere\u011fi olarak, s\u00fcte hak etti\u011fi de\u011feri vererek \u00e7al\u0131\u015f\u0131yoruz.","publisher":{"@id":"https:\/\/gunesoglu.com.tr\/#organization"},"alternateName":"G\u00fcne\u015fo\u011flu","potentialAction":[{"@type":"SearchAction","target":{"@type":"EntryPoint","urlTemplate":"https:\/\/gunesoglu.com.tr\/?s={search_term_string}"},"query-input":{"@type":"PropertyValueSpecification","valueRequired":true,"valueName":"search_term_string"}}],"inLanguage":"en-US"},{"@type":"Organization","@id":"https:\/\/gunesoglu.com.tr\/#organization","name":"G\u00fcne\u015fo\u011flu","url":"https:\/\/gunesoglu.com.tr\/","logo":{"@type":"ImageObject","inLanguage":"en-US","@id":"https:\/\/gunesoglu.com.tr\/#\/schema\/logo\/image\/","url":"https:\/\/gunesoglu.com.tr\/wp-content\/uploads\/2020\/09\/logo.svg","contentUrl":"https:\/\/gunesoglu.com.tr\/wp-content\/uploads\/2020\/09\/logo.svg","width":110,"height":61,"caption":"G\u00fcne\u015fo\u011flu"},"image":{"@id":"https:\/\/gunesoglu.com.tr\/#\/schema\/logo\/image\/"}}]}},"_links":{"self":[{"href":"https:\/\/gunesoglu.com.tr\/en\/wp-json\/wp\/v2\/pages\/772","targetHints":{"allow":["GET"]}}],"collection":[{"href":"https:\/\/gunesoglu.com.tr\/en\/wp-json\/wp\/v2\/pages"}],"about":[{"href":"https:\/\/gunesoglu.com.tr\/en\/wp-json\/wp\/v2\/types\/page"}],"author":[{"embeddable":true,"href":"https:\/\/gunesoglu.com.tr\/en\/wp-json\/wp\/v2\/users\/1"}],"replies":[{"embeddable":true,"href":"https:\/\/gunesoglu.com.tr\/en\/wp-json\/wp\/v2\/comments?post=772"}],"version-history":[{"count":0,"href":"https:\/\/gunesoglu.com.tr\/en\/wp-json\/wp\/v2\/pages\/772\/revisions"}],"wp:attachment":[{"href":"https:\/\/gunesoglu.com.tr\/en\/wp-json\/wp\/v2\/media?parent=772"}],"curies":[{"name":"wp","href":"https:\/\/api.w.org\/{rel}","templated":true}]}}