{"id":623,"date":"2020-12-09T16:03:49","date_gmt":"2020-12-09T13:03:49","guid":{"rendered":"http:\/\/gunesoglu.com.tr\/products\/"},"modified":"2025-02-20T13:26:45","modified_gmt":"2025-02-20T10:26:45","slug":"products","status":"publish","type":"page","link":"https:\/\/gunesoglu.com.tr\/en\/products\/","title":{"rendered":"Products"},"content":{"rendered":"","protected":false},"excerpt":{"rendered":"","protected":false},"author":1,"featured_media":0,"parent":0,"menu_order":12,"comment_status":"closed","ping_status":"closed","template":"page-products.php","meta":{"_acf_changed":false,"footnotes":""},"class_list":["post-623","page","type-page","status-publish","hentry"],"acf":[],"yoast_head":"<!-- This site is optimized with the Yoast SEO plugin v27.4 - https:\/\/yoast.com\/product\/yoast-seo-wordpress\/ -->\n<title>Products - G\u00fcne\u015fo\u011flu<\/title>\n<meta name=\"robots\" content=\"index, follow, max-snippet:-1, max-image-preview:large, max-video-preview:-1\" \/>\n<link rel=\"canonical\" href=\"https:\/\/gunesoglu.com.tr\/en\/products\/\" \/>\n<meta property=\"og:locale\" content=\"en_US\" \/>\n<meta property=\"og:type\" content=\"article\" \/>\n<meta property=\"og:title\" content=\"Products - G\u00fcne\u015fo\u011flu\" \/>\n<meta property=\"og:url\" content=\"https:\/\/gunesoglu.com.tr\/en\/products\/\" \/>\n<meta property=\"og:site_name\" content=\"G\u00fcne\u015fo\u011flu\" \/>\n<meta property=\"article:modified_time\" content=\"2025-02-20T10:26:45+00:00\" \/>\n<meta name=\"twitter:card\" content=\"summary_large_image\" \/>\n<script type=\"application\/ld+json\" class=\"yoast-schema-graph\">{\"@context\":\"https:\\\/\\\/schema.org\",\"@graph\":[{\"@type\":\"WebPage\",\"@id\":\"https:\\\/\\\/gunesoglu.com.tr\\\/en\\\/products\\\/\",\"url\":\"https:\\\/\\\/gunesoglu.com.tr\\\/en\\\/products\\\/\",\"name\":\"Products - G\u00fcne\u015fo\u011flu\",\"isPartOf\":{\"@id\":\"https:\\\/\\\/gunesoglu.com.tr\\\/#website\"},\"datePublished\":\"2020-12-09T13:03:49+00:00\",\"dateModified\":\"2025-02-20T10:26:45+00:00\",\"breadcrumb\":{\"@id\":\"https:\\\/\\\/gunesoglu.com.tr\\\/en\\\/products\\\/#breadcrumb\"},\"inLanguage\":\"en-US\",\"potentialAction\":[{\"@type\":\"ReadAction\",\"target\":[\"https:\\\/\\\/gunesoglu.com.tr\\\/en\\\/products\\\/\"]}]},{\"@type\":\"BreadcrumbList\",\"@id\":\"https:\\\/\\\/gunesoglu.com.tr\\\/en\\\/products\\\/#breadcrumb\",\"itemListElement\":[{\"@type\":\"ListItem\",\"position\":1,\"name\":\"Anasayfa\",\"item\":\"https:\\\/\\\/gunesoglu.com.tr\\\/en\\\/home\\\/\"},{\"@type\":\"ListItem\",\"position\":2,\"name\":\"Products\"}]},{\"@type\":\"WebSite\",\"@id\":\"https:\\\/\\\/gunesoglu.com.tr\\\/#website\",\"url\":\"https:\\\/\\\/gunesoglu.com.tr\\\/\",\"name\":\"G\u00fcne\u015fo\u011flu\",\"description\":\"D\u00fcnya her ge\u00e7en g\u00fcn geleneklerinden ad\u0131m ad\u0131m uzakla\u015fsa da biz hala geleneksel k\u00fclt\u00fcr\u00fcn ve samimiyetin g\u00fcc\u00fcne inan\u0131yoruz . \u00c7iftlikten \u00e7atala geleneksel ve leziz s\u00fct \u00fcr\u00fcnleri \u00fcretebilmek i\u00e7in s\u00f6z\u00fcne sad\u0131k olman\u0131n gere\u011fi olarak, s\u00fcte hak etti\u011fi de\u011feri vererek \u00e7al\u0131\u015f\u0131yoruz.\",\"publisher\":{\"@id\":\"https:\\\/\\\/gunesoglu.com.tr\\\/#organization\"},\"alternateName\":\"G\u00fcne\u015fo\u011flu\",\"potentialAction\":[{\"@type\":\"SearchAction\",\"target\":{\"@type\":\"EntryPoint\",\"urlTemplate\":\"https:\\\/\\\/gunesoglu.com.tr\\\/?s={search_term_string}\"},\"query-input\":{\"@type\":\"PropertyValueSpecification\",\"valueRequired\":true,\"valueName\":\"search_term_string\"}}],\"inLanguage\":\"en-US\"},{\"@type\":\"Organization\",\"@id\":\"https:\\\/\\\/gunesoglu.com.tr\\\/#organization\",\"name\":\"G\u00fcne\u015fo\u011flu\",\"url\":\"https:\\\/\\\/gunesoglu.com.tr\\\/\",\"logo\":{\"@type\":\"ImageObject\",\"inLanguage\":\"en-US\",\"@id\":\"https:\\\/\\\/gunesoglu.com.tr\\\/#\\\/schema\\\/logo\\\/image\\\/\",\"url\":\"https:\\\/\\\/gunesoglu.com.tr\\\/wp-content\\\/uploads\\\/2020\\\/09\\\/logo.svg\",\"contentUrl\":\"https:\\\/\\\/gunesoglu.com.tr\\\/wp-content\\\/uploads\\\/2020\\\/09\\\/logo.svg\",\"width\":110,\"height\":61,\"caption\":\"G\u00fcne\u015fo\u011flu\"},\"image\":{\"@id\":\"https:\\\/\\\/gunesoglu.com.tr\\\/#\\\/schema\\\/logo\\\/image\\\/\"}}]}<\/script>\n<!-- \/ Yoast SEO plugin. -->","yoast_head_json":{"title":"Products - G\u00fcne\u015fo\u011flu","robots":{"index":"index","follow":"follow","max-snippet":"max-snippet:-1","max-image-preview":"max-image-preview:large","max-video-preview":"max-video-preview:-1"},"canonical":"https:\/\/gunesoglu.com.tr\/en\/products\/","og_locale":"en_US","og_type":"article","og_title":"Products - G\u00fcne\u015fo\u011flu","og_url":"https:\/\/gunesoglu.com.tr\/en\/products\/","og_site_name":"G\u00fcne\u015fo\u011flu","article_modified_time":"2025-02-20T10:26:45+00:00","twitter_card":"summary_large_image","schema":{"@context":"https:\/\/schema.org","@graph":[{"@type":"WebPage","@id":"https:\/\/gunesoglu.com.tr\/en\/products\/","url":"https:\/\/gunesoglu.com.tr\/en\/products\/","name":"Products - G\u00fcne\u015fo\u011flu","isPartOf":{"@id":"https:\/\/gunesoglu.com.tr\/#website"},"datePublished":"2020-12-09T13:03:49+00:00","dateModified":"2025-02-20T10:26:45+00:00","breadcrumb":{"@id":"https:\/\/gunesoglu.com.tr\/en\/products\/#breadcrumb"},"inLanguage":"en-US","potentialAction":[{"@type":"ReadAction","target":["https:\/\/gunesoglu.com.tr\/en\/products\/"]}]},{"@type":"BreadcrumbList","@id":"https:\/\/gunesoglu.com.tr\/en\/products\/#breadcrumb","itemListElement":[{"@type":"ListItem","position":1,"name":"Anasayfa","item":"https:\/\/gunesoglu.com.tr\/en\/home\/"},{"@type":"ListItem","position":2,"name":"Products"}]},{"@type":"WebSite","@id":"https:\/\/gunesoglu.com.tr\/#website","url":"https:\/\/gunesoglu.com.tr\/","name":"G\u00fcne\u015fo\u011flu","description":"D\u00fcnya her ge\u00e7en g\u00fcn geleneklerinden ad\u0131m ad\u0131m uzakla\u015fsa da biz hala geleneksel k\u00fclt\u00fcr\u00fcn ve samimiyetin g\u00fcc\u00fcne inan\u0131yoruz . \u00c7iftlikten \u00e7atala geleneksel ve leziz s\u00fct \u00fcr\u00fcnleri \u00fcretebilmek i\u00e7in s\u00f6z\u00fcne sad\u0131k olman\u0131n gere\u011fi olarak, s\u00fcte hak etti\u011fi de\u011feri vererek \u00e7al\u0131\u015f\u0131yoruz.","publisher":{"@id":"https:\/\/gunesoglu.com.tr\/#organization"},"alternateName":"G\u00fcne\u015fo\u011flu","potentialAction":[{"@type":"SearchAction","target":{"@type":"EntryPoint","urlTemplate":"https:\/\/gunesoglu.com.tr\/?s={search_term_string}"},"query-input":{"@type":"PropertyValueSpecification","valueRequired":true,"valueName":"search_term_string"}}],"inLanguage":"en-US"},{"@type":"Organization","@id":"https:\/\/gunesoglu.com.tr\/#organization","name":"G\u00fcne\u015fo\u011flu","url":"https:\/\/gunesoglu.com.tr\/","logo":{"@type":"ImageObject","inLanguage":"en-US","@id":"https:\/\/gunesoglu.com.tr\/#\/schema\/logo\/image\/","url":"https:\/\/gunesoglu.com.tr\/wp-content\/uploads\/2020\/09\/logo.svg","contentUrl":"https:\/\/gunesoglu.com.tr\/wp-content\/uploads\/2020\/09\/logo.svg","width":110,"height":61,"caption":"G\u00fcne\u015fo\u011flu"},"image":{"@id":"https:\/\/gunesoglu.com.tr\/#\/schema\/logo\/image\/"}}]}},"_links":{"self":[{"href":"https:\/\/gunesoglu.com.tr\/en\/wp-json\/wp\/v2\/pages\/623","targetHints":{"allow":["GET"]}}],"collection":[{"href":"https:\/\/gunesoglu.com.tr\/en\/wp-json\/wp\/v2\/pages"}],"about":[{"href":"https:\/\/gunesoglu.com.tr\/en\/wp-json\/wp\/v2\/types\/page"}],"author":[{"embeddable":true,"href":"https:\/\/gunesoglu.com.tr\/en\/wp-json\/wp\/v2\/users\/1"}],"replies":[{"embeddable":true,"href":"https:\/\/gunesoglu.com.tr\/en\/wp-json\/wp\/v2\/comments?post=623"}],"version-history":[{"count":1,"href":"https:\/\/gunesoglu.com.tr\/en\/wp-json\/wp\/v2\/pages\/623\/revisions"}],"predecessor-version":[{"id":716,"href":"https:\/\/gunesoglu.com.tr\/en\/wp-json\/wp\/v2\/pages\/623\/revisions\/716"}],"wp:attachment":[{"href":"https:\/\/gunesoglu.com.tr\/en\/wp-json\/wp\/v2\/media?parent=623"}],"curies":[{"name":"wp","href":"https:\/\/api.w.org\/{rel}","templated":true}]}}